{"id":6237,"date":"2026-05-04T08:11:27","date_gmt":"2026-05-04T08:11:27","guid":{"rendered":"https:\/\/www.clinicahispanavidasana.com\/clinica-hispana-dallas\/"},"modified":"2026-05-04T08:13:44","modified_gmt":"2026-05-04T08:13:44","slug":"clinica-hispana-dallas","status":"publish","type":"page","link":"https:\/\/www.clinicahispanavidasana.com\/en\/clinica-hispana-dallas\/","title":{"rendered":"Cl\u00ednica Hispana en Dallas TX"},"content":{"rendered":"<p><strong>Cl\u00ednica Hispana en Dallas TX<\/strong><\/p><p>Para familias que buscan atenci\u00f3n m\u00e9dica en espa\u00f1ol en Dallas, Cl\u00ednica Hispana Vida Sana ofrece un espacio cercano, preventivo y orientado a la comunidad hispana.<\/p><h2 class=\"wp-block-heading\">Atenci\u00f3n m\u00e9dica en espa\u00f1ol<\/h2><p>Ofrecemos consulta general, revisi\u00f3n preventiva, orientaci\u00f3n de salud, laboratorios y seguimiento para pacientes que prefieren comunicarse en espa\u00f1ol.<\/p><h2 class=\"wp-block-heading\">Ubicaci\u00f3n<\/h2><p><strong>Dallas, TX<\/strong><br>9429 El Centro Dr, Suite 100, Dallas, TX 75220<\/p><h2 class=\"wp-block-heading\">Agenda tu visita<\/h2><p>Agenda una cita o comun\u00edcate con nuestro equipo para confirmar horarios, servicios disponibles y la ubicaci\u00f3n m\u00e1s conveniente para ti.<\/p><div class=\"wp-block-buttons is-layout-flex wp-block-buttons-is-layout-flex\"><div class=\"wp-block-button\"><a class=\"wp-block-button__link wp-element-button\" href=\"\/en\/reserva\/\">Book Appointment<\/a><\/div><div class=\"wp-block-button is-style-outline is-style-outline--1\"><a class=\"wp-block-button__link wp-element-button\" href=\"\/en\/contact\/\">Contact us<\/a><\/div><\/div>","protected":false},"excerpt":{"rendered":"<p>Cl\u00ednica Hispana en Dallas TX Para familias que buscan atenci\u00f3n m\u00e9dica en espa\u00f1ol en Dallas, Cl\u00ednica Hispana Vida Sana ofrece un espacio cercano, preventivo y orientado a la comunidad hispana. Atenci\u00f3n m\u00e9dica en espa\u00f1ol Ofrecemos consulta general, revisi\u00f3n preventiva, orientaci\u00f3n de salud, laboratorios y seguimiento para pacientes que prefieren comunicarse en espa\u00f1ol. Ubicaci\u00f3n Dallas, TX9429 &hellip; <a href=\"https:\/\/www.clinicahispanavidasana.com\/en\/clinica-hispana-dallas\/\" class=\"more-link\">Continue reading <span class=\"screen-reader-text\">Cl\u00ednica Hispana en Dallas TX<\/span><\/a><\/p>","protected":false},"author":0,"featured_media":0,"parent":0,"menu_order":0,"comment_status":"closed","ping_status":"closed","template":"","meta":{"_acf_changed":false,"rs_blank_template":"","rs_page_bg_color":"","slide_template_v7":"","inline_featured_image":false,"footnotes":""},"class_list":["post-6237","page","type-page","status-publish","hentry"],"acf":[],"yoast_head":"<!-- This site is optimized with the Yoast SEO Premium plugin v27.5 (Yoast SEO v27.5) - https:\/\/yoast.com\/product\/yoast-seo-premium-wordpress\/ -->\n<title>Cl\u00ednica Hispana en Dallas TX | Vida Sana<\/title>\n<meta name=\"description\" content=\"Cl\u00ednica Hispana Vida Sana ofrece atenci\u00f3n m\u00e9dica en espa\u00f1ol en Dallas, TX: consulta general, laboratorios y servicios preventivos cercanos.\" \/>\n<meta name=\"robots\" content=\"index, follow, max-snippet:-1, max-image-preview:large, max-video-preview:-1\" \/>\n<link rel=\"canonical\" href=\"https:\/\/www.clinicahispanavidasana.com\/en\/clinica-hispana-dallas\/\" \/>\n<meta property=\"og:locale\" content=\"en_US\" \/>\n<meta property=\"og:type\" content=\"article\" \/>\n<meta property=\"og:title\" content=\"Cl\u00ednica Hispana en Dallas TX\" \/>\n<meta property=\"og:description\" content=\"Cl\u00ednica Hispana Vida Sana ofrece atenci\u00f3n m\u00e9dica en espa\u00f1ol en Dallas, TX: consulta general, laboratorios y servicios preventivos cercanos.\" \/>\n<meta property=\"og:url\" content=\"https:\/\/www.clinicahispanavidasana.com\/en\/clinica-hispana-dallas\/\" \/>\n<meta property=\"og:site_name\" content=\"Clinica Hispana Vida Sana\" \/>\n<meta property=\"article:publisher\" content=\"https:\/\/www.facebook.com\/Clinicahispanavidasana\/\" \/>\n<meta property=\"article:modified_time\" content=\"2026-05-04T08:13:44+00:00\" \/>\n<meta property=\"og:image\" content=\"https:\/\/www.clinicahispanavidasana.com\/wp-content\/uploads\/2026\/03\/Marca-Ajustada-Vida-Sana_Variante-Centrada-1200x675-1.png\" \/>\n\t<meta property=\"og:image:width\" content=\"1200\" \/>\n\t<meta property=\"og:image:height\" content=\"675\" \/>\n\t<meta property=\"og:image:type\" content=\"image\/png\" \/>\n<meta name=\"twitter:card\" content=\"summary_large_image\" \/>\n<script type=\"application\/ld+json\" class=\"yoast-schema-graph\">{\"@context\":\"https:\\\/\\\/schema.org\",\"@graph\":[{\"@type\":\"WebPage\",\"@id\":\"https:\\\/\\\/www.clinicahispanavidasana.com\\\/clinica-hispana-dallas\\\/\",\"url\":\"https:\\\/\\\/www.clinicahispanavidasana.com\\\/clinica-hispana-dallas\\\/\",\"name\":\"Cl\u00ednica Hispana en Dallas TX | Vida Sana\",\"isPartOf\":{\"@id\":\"https:\\\/\\\/www.clinicahispanavidasana.com\\\/#website\"},\"datePublished\":\"2026-05-04T08:11:27+00:00\",\"dateModified\":\"2026-05-04T08:13:44+00:00\",\"description\":\"Cl\u00ednica Hispana Vida Sana ofrece atenci\u00f3n m\u00e9dica en espa\u00f1ol en Dallas, TX: consulta general, laboratorios y servicios preventivos cercanos.\",\"breadcrumb\":{\"@id\":\"https:\\\/\\\/www.clinicahispanavidasana.com\\\/clinica-hispana-dallas\\\/#breadcrumb\"},\"inLanguage\":\"en-US\",\"potentialAction\":[{\"@type\":\"ReadAction\",\"target\":[\"https:\\\/\\\/www.clinicahispanavidasana.com\\\/clinica-hispana-dallas\\\/\"]}]},{\"@type\":\"BreadcrumbList\",\"@id\":\"https:\\\/\\\/www.clinicahispanavidasana.com\\\/clinica-hispana-dallas\\\/#breadcrumb\",\"itemListElement\":[{\"@type\":\"ListItem\",\"position\":1,\"name\":\"Inicio\",\"item\":\"https:\\\/\\\/www.clinicahispanavidasana.com\\\/\"},{\"@type\":\"ListItem\",\"position\":2,\"name\":\"Cl\u00ednica Hispana en Dallas TX\"}]},{\"@type\":\"WebSite\",\"@id\":\"https:\\\/\\\/www.clinicahispanavidasana.com\\\/#website\",\"url\":\"https:\\\/\\\/www.clinicahispanavidasana.com\\\/\",\"name\":\"Cl\u00ednica Hispana Vida Sana\",\"description\":\"Salud para toda la familia\",\"publisher\":{\"@id\":\"https:\\\/\\\/www.clinicahispanavidasana.com\\\/#organization\"},\"alternateName\":\"Clinica Hispana Vida Sana\",\"potentialAction\":[{\"@type\":\"SearchAction\",\"target\":{\"@type\":\"EntryPoint\",\"urlTemplate\":\"https:\\\/\\\/www.clinicahispanavidasana.com\\\/?s={search_term_string}\"},\"query-input\":{\"@type\":\"PropertyValueSpecification\",\"valueRequired\":true,\"valueName\":\"search_term_string\"}}],\"inLanguage\":\"en-US\"},{\"@type\":\"Organization\",\"@id\":\"https:\\\/\\\/www.clinicahispanavidasana.com\\\/#organization\",\"name\":\"Cl\u00ednica Hispana Vida Sana\",\"alternateName\":\"Clinica Hispana Vida Sana\",\"url\":\"https:\\\/\\\/www.clinicahispanavidasana.com\\\/\",\"logo\":{\"@type\":\"ImageObject\",\"inLanguage\":\"en-US\",\"@id\":\"https:\\\/\\\/www.clinicahispanavidasana.com\\\/#\\\/schema\\\/logo\\\/image\\\/\",\"url\":\"https:\\\/\\\/www.clinicahispanavidasana.com\\\/wp-content\\\/uploads\\\/2026\\\/03\\\/Marca-Ajustada-Vida-Sana_Isotipo-696x696-1.png\",\"contentUrl\":\"https:\\\/\\\/www.clinicahispanavidasana.com\\\/wp-content\\\/uploads\\\/2026\\\/03\\\/Marca-Ajustada-Vida-Sana_Isotipo-696x696-1.png\",\"width\":696,\"height\":696,\"caption\":\"Cl\u00ednica Hispana Vida Sana\"},\"image\":{\"@id\":\"https:\\\/\\\/www.clinicahispanavidasana.com\\\/#\\\/schema\\\/logo\\\/image\\\/\"},\"sameAs\":[\"https:\\\/\\\/www.facebook.com\\\/Clinicahispanavidasana\\\/\"]}]}<\/script>\n<!-- \/ Yoast SEO Premium plugin. -->","yoast_head_json":{"title":"Cl\u00ednica Hispana en Dallas TX | Vida Sana","description":"Cl\u00ednica Hispana Vida Sana ofrece atenci\u00f3n m\u00e9dica en espa\u00f1ol en Dallas, TX: consulta general, laboratorios y servicios preventivos cercanos.","robots":{"index":"index","follow":"follow","max-snippet":"max-snippet:-1","max-image-preview":"max-image-preview:large","max-video-preview":"max-video-preview:-1"},"canonical":"https:\/\/www.clinicahispanavidasana.com\/en\/clinica-hispana-dallas\/","og_locale":"en_US","og_type":"article","og_title":"Cl\u00ednica Hispana en Dallas TX","og_description":"Cl\u00ednica Hispana Vida Sana ofrece atenci\u00f3n m\u00e9dica en espa\u00f1ol en Dallas, TX: consulta general, laboratorios y servicios preventivos cercanos.","og_url":"https:\/\/www.clinicahispanavidasana.com\/en\/clinica-hispana-dallas\/","og_site_name":"Clinica Hispana Vida Sana","article_publisher":"https:\/\/www.facebook.com\/Clinicahispanavidasana\/","article_modified_time":"2026-05-04T08:13:44+00:00","og_image":[{"width":1200,"height":675,"url":"https:\/\/www.clinicahispanavidasana.com\/wp-content\/uploads\/2026\/03\/Marca-Ajustada-Vida-Sana_Variante-Centrada-1200x675-1.png","type":"image\/png"}],"twitter_card":"summary_large_image","schema":{"@context":"https:\/\/schema.org","@graph":[{"@type":"WebPage","@id":"https:\/\/www.clinicahispanavidasana.com\/clinica-hispana-dallas\/","url":"https:\/\/www.clinicahispanavidasana.com\/clinica-hispana-dallas\/","name":"Cl\u00ednica Hispana en Dallas TX | Vida Sana","isPartOf":{"@id":"https:\/\/www.clinicahispanavidasana.com\/#website"},"datePublished":"2026-05-04T08:11:27+00:00","dateModified":"2026-05-04T08:13:44+00:00","description":"Cl\u00ednica Hispana Vida Sana ofrece atenci\u00f3n m\u00e9dica en espa\u00f1ol en Dallas, TX: consulta general, laboratorios y servicios preventivos cercanos.","breadcrumb":{"@id":"https:\/\/www.clinicahispanavidasana.com\/clinica-hispana-dallas\/#breadcrumb"},"inLanguage":"en-US","potentialAction":[{"@type":"ReadAction","target":["https:\/\/www.clinicahispanavidasana.com\/clinica-hispana-dallas\/"]}]},{"@type":"BreadcrumbList","@id":"https:\/\/www.clinicahispanavidasana.com\/clinica-hispana-dallas\/#breadcrumb","itemListElement":[{"@type":"ListItem","position":1,"name":"Inicio","item":"https:\/\/www.clinicahispanavidasana.com\/"},{"@type":"ListItem","position":2,"name":"Cl\u00ednica Hispana en Dallas TX"}]},{"@type":"WebSite","@id":"https:\/\/www.clinicahispanavidasana.com\/#website","url":"https:\/\/www.clinicahispanavidasana.com\/","name":"Cl\u00ednica Hispana Vida Sana","description":"Health for the whole family","publisher":{"@id":"https:\/\/www.clinicahispanavidasana.com\/#organization"},"alternateName":"Clinica Hispana Vida Sana","potentialAction":[{"@type":"SearchAction","target":{"@type":"EntryPoint","urlTemplate":"https:\/\/www.clinicahispanavidasana.com\/?s={search_term_string}"},"query-input":{"@type":"PropertyValueSpecification","valueRequired":true,"valueName":"search_term_string"}}],"inLanguage":"en-US"},{"@type":"Organization","@id":"https:\/\/www.clinicahispanavidasana.com\/#organization","name":"Cl\u00ednica Hispana Vida Sana","alternateName":"Clinica Hispana Vida Sana","url":"https:\/\/www.clinicahispanavidasana.com\/","logo":{"@type":"ImageObject","inLanguage":"en-US","@id":"https:\/\/www.clinicahispanavidasana.com\/#\/schema\/logo\/image\/","url":"https:\/\/www.clinicahispanavidasana.com\/wp-content\/uploads\/2026\/03\/Marca-Ajustada-Vida-Sana_Isotipo-696x696-1.png","contentUrl":"https:\/\/www.clinicahispanavidasana.com\/wp-content\/uploads\/2026\/03\/Marca-Ajustada-Vida-Sana_Isotipo-696x696-1.png","width":696,"height":696,"caption":"Cl\u00ednica Hispana Vida Sana"},"image":{"@id":"https:\/\/www.clinicahispanavidasana.com\/#\/schema\/logo\/image\/"},"sameAs":["https:\/\/www.facebook.com\/Clinicahispanavidasana\/"]}]}},"_links":{"self":[{"href":"https:\/\/www.clinicahispanavidasana.com\/en\/wp-json\/wp\/v2\/pages\/6237","targetHints":{"allow":["GET"]}}],"collection":[{"href":"https:\/\/www.clinicahispanavidasana.com\/en\/wp-json\/wp\/v2\/pages"}],"about":[{"href":"https:\/\/www.clinicahispanavidasana.com\/en\/wp-json\/wp\/v2\/types\/page"}],"replies":[{"embeddable":true,"href":"https:\/\/www.clinicahispanavidasana.com\/en\/wp-json\/wp\/v2\/comments?post=6237"}],"version-history":[{"count":1,"href":"https:\/\/www.clinicahispanavidasana.com\/en\/wp-json\/wp\/v2\/pages\/6237\/revisions"}],"predecessor-version":[{"id":6247,"href":"https:\/\/www.clinicahispanavidasana.com\/en\/wp-json\/wp\/v2\/pages\/6237\/revisions\/6247"}],"wp:attachment":[{"href":"https:\/\/www.clinicahispanavidasana.com\/en\/wp-json\/wp\/v2\/media?parent=6237"}],"curies":[{"name":"wp","href":"https:\/\/api.w.org\/{rel}","templated":true}]}}