{"id":5372,"date":"2025-10-27T18:40:56","date_gmt":"2025-10-27T18:40:56","guid":{"rendered":"https:\/\/www.clinicahispanavidasana.com\/?page_id=5372"},"modified":"2026-03-17T20:06:28","modified_gmt":"2026-03-17T20:06:28","slug":"apply","status":"publish","type":"page","link":"https:\/\/www.clinicahispanavidasana.com\/en\/apply\/","title":{"rendered":"Be part of our team"},"content":{"rendered":"<div class=\"tm-row wpb_row vc_row-fluid tm-zindex-0 vc_row container tm-bgimage-position-center_center\">\n\n\t\t\n\t\t\n\t\t\n\n<div class=\"wpb_column tm-column vc_column_container vc_col-sm-12 tm-zindex-0\">\n\t<div class=\"vc_column-inner\">\n\t\t\t\t<div class=\"wpb_wrapper\">\n\t\t\t\n\t<div class=\"wpb_raw_code wpb_content_element wpb_raw_html\" >\n\t\t<div class=\"wpb_wrapper\">\n\t\t\t<h2>Be part of our team<\/h2>\n<p>At <strong>Cl\u00ednica Hispana Vida Sana<\/strong> we believe people are at the heart of everything we do. If you share our passion for health, wellness, and serving the community, we\u2019d love to get to know you!<\/p>\n\n\t\t<\/div>\n\t<\/div>\n\t\t<\/div>\n\t<\/div>\n<\/div>\n\n\n\n\t\t\n\t<\/div>\n\n\n\n\n\n\n\n\n\n\n\n<div class=\"tm-row wpb_row vc_row-fluid tm-zindex-0 vc_row container tm-bgimage-position-center_center\">\n\n\t\t\n\t\t\n\t\t\n\n<div class=\"wpb_column tm-column vc_column_container vc_col-sm-12 tm-zindex-0\">\n\t<div class=\"vc_column-inner\">\n\t\t\t\t<div class=\"wpb_wrapper\">\n\t\t\t<div class=\"vc_tta-container\" data-vc-action=\"collapse\"><h2>Open positions<\/h2><div class=\"vc_general vc_tta vc_tta-accordion vc_tta-color-white vc_tta-style-classic vc_tta-shape-square vc_tta-o-shape-group vc_tta-gap-10 vc_tta-controls-align-left vc_tta-o-no-fill\"><div class=\"vc_tta-panels-container\"><div class=\"vc_tta-panels\"><div class=\"vc_tta-panel vc_active\" id=\"1761589700479-5ee7b9aa-f8b1\" data-vc-content=\".vc_tta-panel-body\"><div class=\"vc_tta-panel-heading\"><h4 class=\"vc_tta-panel-title vc_tta-controls-icon-position-left\"><a href=\"#1761589700479-5ee7b9aa-f8b1\" data-vc-accordion data-vc-container=\".vc_tta-container\"><span class=\"vc_tta-title-text\"><strong>Medical assistant<\/strong> \u2013 Full-time<\/span><i class=\"vc_tta-controls-icon vc_tta-controls-icon-plus\"><\/i><\/a><\/h4><\/div><div class=\"vc_tta-panel-body\"><\/div><\/div><div class=\"vc_tta-panel\" id=\"1761589700522-6aefa775-0904\" data-vc-content=\".vc_tta-panel-body\"><div class=\"vc_tta-panel-heading\"><h4 class=\"vc_tta-panel-title vc_tta-controls-icon-position-left\"><a href=\"#1761589700522-6aefa775-0904\" data-vc-accordion data-vc-container=\".vc_tta-container\"><span class=\"vc_tta-title-text\"><strong>Bilingual receptionist<\/strong> \u2013 Part-time<\/span><i class=\"vc_tta-controls-icon vc_tta-controls-icon-plus\"><\/i><\/a><\/h4><\/div><div class=\"vc_tta-panel-body\"><\/div><\/div><div class=\"vc_tta-panel\" id=\"1761589895824-6da5ddf3-ce87\" data-vc-content=\".vc_tta-panel-body\"><div class=\"vc_tta-panel-heading\"><h4 class=\"vc_tta-panel-title vc_tta-controls-icon-position-left\"><a href=\"#1761589895824-6da5ddf3-ce87\" data-vc-accordion data-vc-container=\".vc_tta-container\"><span class=\"vc_tta-title-text\"><strong>Billing specialist<\/strong> \u2013 Remote<\/span><i class=\"vc_tta-controls-icon vc_tta-controls-icon-plus\"><\/i><\/a><\/h4><\/div><div class=\"vc_tta-panel-body\"><\/div><\/div><\/div><\/div><\/div><\/div>\t\t<\/div>\n\t<\/div>\n<\/div>\n\n\n\n\t\t\n\t<\/div>\n\n\n\n\n\n\n\n\n\n\n\n<div class=\"tm-row wpb_row vc_row-fluid tm-zindex-0 vc_row container tm-bgimage-position-center_center\">\n\n\t\t\n\t\t\n\t\t\n\n<div class=\"wpb_column tm-column vc_column_container vc_col-sm-12 tm-zindex-0\">\n\t<div class=\"vc_column-inner\">\n\t\t\t\t<div class=\"wpb_wrapper\">\n\t\t\t\n<div class=\"wpcf7 no-js\" id=\"wpcf7-f5374-o1\" lang=\"es-ES\" dir=\"ltr\" data-wpcf7-id=\"5374\">\n<div class=\"screen-reader-response\"><p role=\"status\" aria-live=\"polite\" aria-atomic=\"true\"><\/p> <ul><\/ul><\/div>\n<form action=\"\/en\/wp-json\/wp\/v2\/pages\/5372#wpcf7-f5374-o1\" method=\"post\" class=\"wpcf7-form init\" aria-label=\"Formulario de contacto\" enctype=\"multipart\/form-data\" novalidate=\"novalidate\" data-status=\"init\" data-trp-original-action=\"\/en\/wp-json\/wp\/v2\/pages\/5372#wpcf7-f5374-o1\">\n<fieldset class=\"hidden-fields-container\"><input type=\"hidden\" name=\"_wpcf7\" value=\"5374\" \/><input type=\"hidden\" name=\"_wpcf7_version\" value=\"6.1.5\" \/><input type=\"hidden\" name=\"_wpcf7_locale\" value=\"es_ES\" \/><input type=\"hidden\" name=\"_wpcf7_unit_tag\" value=\"wpcf7-f5374-o1\" \/><input type=\"hidden\" name=\"_wpcf7_container_post\" value=\"0\" \/><input type=\"hidden\" name=\"_wpcf7_posted_data_hash\" value=\"\" \/><input type=\"hidden\" name=\"_wpcf7_recaptcha_response\" value=\"\" \/>\n<\/fieldset>\n<h3>Application form\n<\/h3>\n<p><label>Full name *<\/label><br \/>\n<span class=\"wpcf7-form-control-wrap\" data-name=\"your-name\"><input size=\"40\" maxlength=\"400\" class=\"wpcf7-form-control wpcf7-text wpcf7-validates-as-required\" aria-required=\"true\" aria-invalid=\"false\" placeholder=\"Your full name\" value=\"\" type=\"text\" name=\"your-name\" \/><\/span>\n<\/p>\n<p><label>Email address *<\/label><br \/>\n<span class=\"wpcf7-form-control-wrap\" data-name=\"your-email\"><input size=\"40\" maxlength=\"400\" class=\"wpcf7-form-control wpcf7-email wpcf7-validates-as-required wpcf7-text wpcf7-validates-as-email\" aria-required=\"true\" aria-invalid=\"false\" placeholder=\"you@email.com\" value=\"\" type=\"email\" name=\"your-email\" \/><\/span>\n<\/p>\n<p><label>Phone<\/label><br \/>\n<span class=\"wpcf7-form-control-wrap\" data-name=\"your-phone\"><input size=\"40\" maxlength=\"400\" class=\"wpcf7-form-control wpcf7-tel wpcf7-text wpcf7-validates-as-tel\" aria-invalid=\"false\" placeholder=\"Ej. +244 923 456 789\" value=\"\" type=\"tel\" name=\"your-phone\" \/><\/span>\n<\/p>\n<p><label>Position you are applying for *<\/label><br \/>\n<span class=\"wpcf7-form-control-wrap\" data-name=\"position\"><input size=\"40\" maxlength=\"400\" class=\"wpcf7-form-control wpcf7-text wpcf7-validates-as-required\" aria-required=\"true\" aria-invalid=\"false\" placeholder=\"e.g., Bilingual receptionist\" value=\"\" type=\"text\" name=\"position\" \/><\/span>\n<\/p>\n<p><label>Message or brief introduction<\/label><br \/>\n<span class=\"wpcf7-form-control-wrap\" data-name=\"your-message\"><textarea cols=\"40\" rows=\"10\" maxlength=\"2000\" class=\"wpcf7-form-control wpcf7-textarea\" aria-invalid=\"false\" placeholder=\"Tell us about yourself...\" name=\"your-message\"><\/textarea><\/span>\n<\/p>\n<p><label>Upload your resume (PDF or Word)<\/label><br \/>\n<span class=\"wpcf7-form-control-wrap\" data-name=\"your-file\"><input size=\"40\" class=\"wpcf7-form-control wpcf7-file wpcf7-validates-as-required\" accept=\".pdf,.doc,.docx\" aria-required=\"true\" aria-invalid=\"false\" type=\"file\" name=\"your-file\" \/><\/span>\n<\/p>\n<p><input class=\"wpcf7-form-control wpcf7-submit has-spinner\" type=\"submit\" value=\"Submit Application\" \/>\n<\/p><p style=\"display: none !important;\" class=\"akismet-fields-container\" data-prefix=\"_wpcf7_ak_\"><label>Delta<textarea name=\"_wpcf7_ak_hp_textarea\" cols=\"45\" rows=\"8\" maxlength=\"100\"><\/textarea><\/label><input type=\"hidden\" id=\"ak_js_1\" name=\"_wpcf7_ak_js\" value=\"26\"\/><script>document.getElementById( \"ak_js_1\" ).setAttribute( \"value\", ( new Date() ).getTime() );<\/script><\/p><div class=\"wpcf7-response-output\" aria-hidden=\"true\"><\/div>\n<input type=\"hidden\" name=\"trp-form-language\" value=\"en\"\/><\/form>\n<\/div>\n\t\t<\/div>\n\t<\/div>\n<\/div>\n\n\n\n\t\t\n\t<\/div>","protected":false},"excerpt":{"rendered":"\u00danete a nuestro equipo En Cl\u00ednica Hispana Vida Sana creemos que las personas son el coraz\u00f3n de nuestro trabajo. Si compartes nuestra pasi\u00f3n por la salud, el bienestar y el servicio a la comunidad, \u00a1queremos conocerte! Puestos disponiblesAsistente m\u00e9dico \u2013 Jornada completaRecepcionista biling\u00fce \u2013 Medio tiempoEspecialista en facturaci\u00f3n \u2013 Remoto Formulario de aplicaci\u00f3n Nombre completo &hellip; <a href=\"https:\/\/www.clinicahispanavidasana.com\/en\/apply\/\" class=\"more-link\">Continue reading <span class=\"screen-reader-text\">Be part of our team<\/span><\/a>","protected":false},"author":49,"featured_media":0,"parent":0,"menu_order":0,"comment_status":"closed","ping_status":"closed","template":"","meta":{"_acf_changed":false,"inline_featured_image":false,"footnotes":""},"class_list":["post-5372","page","type-page","status-publish","hentry"],"acf":[],"yoast_head":"<!-- This site is optimized with the Yoast SEO plugin v27.3 - https:\/\/yoast.com\/product\/yoast-seo-wordpress\/ -->\n<title>Se parte de nuestro equipo | Clinica Hispana Vida Sana<\/title>\n<meta name=\"robots\" content=\"index, follow, max-snippet:-1, max-image-preview:large, max-video-preview:-1\" \/>\n<link rel=\"canonical\" href=\"https:\/\/www.clinicahispanavidasana.com\/en\/apply\/\" \/>\n<meta property=\"og:locale\" content=\"en_US\" \/>\n<meta property=\"og:type\" content=\"article\" \/>\n<meta property=\"og:title\" content=\"Se parte de nuestro equipo | Clinica Hispana Vida Sana\" \/>\n<meta property=\"og:url\" content=\"https:\/\/www.clinicahispanavidasana.com\/en\/apply\/\" \/>\n<meta property=\"og:site_name\" content=\"Clinica Hispana Vida Sana\" \/>\n<meta property=\"article:publisher\" content=\"https:\/\/www.facebook.com\/Clinicahispanavidasana\/\" \/>\n<meta property=\"article:modified_time\" content=\"2026-03-17T20:06:28+00:00\" \/>\n<meta property=\"og:image\" content=\"https:\/\/www.clinicahispanavidasana.com\/wp-content\/uploads\/2026\/03\/Marca-Ajustada-Vida-Sana_Variante-Centrada-1200x675-1.png\" \/>\n\t<meta property=\"og:image:width\" content=\"1200\" \/>\n\t<meta property=\"og:image:height\" content=\"675\" \/>\n\t<meta property=\"og:image:type\" content=\"image\/png\" \/>\n<meta name=\"twitter:card\" content=\"summary_large_image\" \/>\n<meta name=\"twitter:label1\" content=\"Est. reading time\" \/>\n\t<meta name=\"twitter:data1\" content=\"1 minute\" \/>\n<script type=\"application\/ld+json\" class=\"yoast-schema-graph\">{\"@context\":\"https:\\\/\\\/schema.org\",\"@graph\":[{\"@type\":\"WebPage\",\"@id\":\"https:\\\/\\\/www.clinicahispanavidasana.com\\\/apply\\\/\",\"url\":\"https:\\\/\\\/www.clinicahispanavidasana.com\\\/apply\\\/\",\"name\":\"Se parte de nuestro equipo | Clinica Hispana Vida Sana\",\"isPartOf\":{\"@id\":\"https:\\\/\\\/www.clinicahispanavidasana.com\\\/#website\"},\"datePublished\":\"2025-10-27T18:40:56+00:00\",\"dateModified\":\"2026-03-17T20:06:28+00:00\",\"breadcrumb\":{\"@id\":\"https:\\\/\\\/www.clinicahispanavidasana.com\\\/apply\\\/#breadcrumb\"},\"inLanguage\":\"en-US\",\"potentialAction\":[{\"@type\":\"ReadAction\",\"target\":[\"https:\\\/\\\/www.clinicahispanavidasana.com\\\/apply\\\/\"]}]},{\"@type\":\"BreadcrumbList\",\"@id\":\"https:\\\/\\\/www.clinicahispanavidasana.com\\\/apply\\\/#breadcrumb\",\"itemListElement\":[{\"@type\":\"ListItem\",\"position\":1,\"name\":\"Inicio\",\"item\":\"https:\\\/\\\/www.clinicahispanavidasana.com\\\/\"},{\"@type\":\"ListItem\",\"position\":2,\"name\":\"Se parte de nuestro equipo\"}]},{\"@type\":\"WebSite\",\"@id\":\"https:\\\/\\\/www.clinicahispanavidasana.com\\\/#website\",\"url\":\"https:\\\/\\\/www.clinicahispanavidasana.com\\\/\",\"name\":\"Cl\u00ednica Hispana Vida Sana\",\"description\":\"Salud para toda la familia\",\"publisher\":{\"@id\":\"https:\\\/\\\/www.clinicahispanavidasana.com\\\/#organization\"},\"alternateName\":\"Clinica Hispana Vida Sana\",\"potentialAction\":[{\"@type\":\"SearchAction\",\"target\":{\"@type\":\"EntryPoint\",\"urlTemplate\":\"https:\\\/\\\/www.clinicahispanavidasana.com\\\/?s={search_term_string}\"},\"query-input\":{\"@type\":\"PropertyValueSpecification\",\"valueRequired\":true,\"valueName\":\"search_term_string\"}}],\"inLanguage\":\"en-US\"},{\"@type\":\"Organization\",\"@id\":\"https:\\\/\\\/www.clinicahispanavidasana.com\\\/#organization\",\"name\":\"Cl\u00ednica Hispana Vida Sana\",\"alternateName\":\"Clinica Hispana Vida Sana\",\"url\":\"https:\\\/\\\/www.clinicahispanavidasana.com\\\/\",\"logo\":{\"@type\":\"ImageObject\",\"inLanguage\":\"en-US\",\"@id\":\"https:\\\/\\\/www.clinicahispanavidasana.com\\\/#\\\/schema\\\/logo\\\/image\\\/\",\"url\":\"https:\\\/\\\/www.clinicahispanavidasana.com\\\/wp-content\\\/uploads\\\/2026\\\/03\\\/Marca-Ajustada-Vida-Sana_Isotipo-696x696-1.png\",\"contentUrl\":\"https:\\\/\\\/www.clinicahispanavidasana.com\\\/wp-content\\\/uploads\\\/2026\\\/03\\\/Marca-Ajustada-Vida-Sana_Isotipo-696x696-1.png\",\"width\":696,\"height\":696,\"caption\":\"Cl\u00ednica Hispana Vida Sana\"},\"image\":{\"@id\":\"https:\\\/\\\/www.clinicahispanavidasana.com\\\/#\\\/schema\\\/logo\\\/image\\\/\"},\"sameAs\":[\"https:\\\/\\\/www.facebook.com\\\/Clinicahispanavidasana\\\/\"]}]}<\/script>\n<!-- \/ Yoast SEO plugin. -->","yoast_head_json":{"title":"Se parte de nuestro equipo | Clinica Hispana Vida Sana","robots":{"index":"index","follow":"follow","max-snippet":"max-snippet:-1","max-image-preview":"max-image-preview:large","max-video-preview":"max-video-preview:-1"},"canonical":"https:\/\/www.clinicahispanavidasana.com\/en\/apply\/","og_locale":"en_US","og_type":"article","og_title":"Se parte de nuestro equipo | Clinica Hispana Vida Sana","og_url":"https:\/\/www.clinicahispanavidasana.com\/en\/apply\/","og_site_name":"Clinica Hispana Vida Sana","article_publisher":"https:\/\/www.facebook.com\/Clinicahispanavidasana\/","article_modified_time":"2026-03-17T20:06:28+00:00","og_image":[{"width":1200,"height":675,"url":"https:\/\/www.clinicahispanavidasana.com\/wp-content\/uploads\/2026\/03\/Marca-Ajustada-Vida-Sana_Variante-Centrada-1200x675-1.png","type":"image\/png"}],"twitter_card":"summary_large_image","twitter_misc":{"Est. reading time":"1 minute"},"schema":{"@context":"https:\/\/schema.org","@graph":[{"@type":"WebPage","@id":"https:\/\/www.clinicahispanavidasana.com\/apply\/","url":"https:\/\/www.clinicahispanavidasana.com\/apply\/","name":"Se parte de nuestro equipo | Clinica Hispana Vida Sana","isPartOf":{"@id":"https:\/\/www.clinicahispanavidasana.com\/#website"},"datePublished":"2025-10-27T18:40:56+00:00","dateModified":"2026-03-17T20:06:28+00:00","breadcrumb":{"@id":"https:\/\/www.clinicahispanavidasana.com\/apply\/#breadcrumb"},"inLanguage":"en-US","potentialAction":[{"@type":"ReadAction","target":["https:\/\/www.clinicahispanavidasana.com\/apply\/"]}]},{"@type":"BreadcrumbList","@id":"https:\/\/www.clinicahispanavidasana.com\/apply\/#breadcrumb","itemListElement":[{"@type":"ListItem","position":1,"name":"Inicio","item":"https:\/\/www.clinicahispanavidasana.com\/"},{"@type":"ListItem","position":2,"name":"Se parte de nuestro equipo"}]},{"@type":"WebSite","@id":"https:\/\/www.clinicahispanavidasana.com\/#website","url":"https:\/\/www.clinicahispanavidasana.com\/","name":"Cl\u00ednica Hispana Vida Sana","description":"Health for the whole family","publisher":{"@id":"https:\/\/www.clinicahispanavidasana.com\/#organization"},"alternateName":"Clinica Hispana Vida Sana","potentialAction":[{"@type":"SearchAction","target":{"@type":"EntryPoint","urlTemplate":"https:\/\/www.clinicahispanavidasana.com\/?s={search_term_string}"},"query-input":{"@type":"PropertyValueSpecification","valueRequired":true,"valueName":"search_term_string"}}],"inLanguage":"en-US"},{"@type":"Organization","@id":"https:\/\/www.clinicahispanavidasana.com\/#organization","name":"Cl\u00ednica Hispana Vida Sana","alternateName":"Clinica Hispana Vida Sana","url":"https:\/\/www.clinicahispanavidasana.com\/","logo":{"@type":"ImageObject","inLanguage":"en-US","@id":"https:\/\/www.clinicahispanavidasana.com\/#\/schema\/logo\/image\/","url":"https:\/\/www.clinicahispanavidasana.com\/wp-content\/uploads\/2026\/03\/Marca-Ajustada-Vida-Sana_Isotipo-696x696-1.png","contentUrl":"https:\/\/www.clinicahispanavidasana.com\/wp-content\/uploads\/2026\/03\/Marca-Ajustada-Vida-Sana_Isotipo-696x696-1.png","width":696,"height":696,"caption":"Cl\u00ednica Hispana Vida Sana"},"image":{"@id":"https:\/\/www.clinicahispanavidasana.com\/#\/schema\/logo\/image\/"},"sameAs":["https:\/\/www.facebook.com\/Clinicahispanavidasana\/"]}]}},"_links":{"self":[{"href":"https:\/\/www.clinicahispanavidasana.com\/en\/wp-json\/wp\/v2\/pages\/5372","targetHints":{"allow":["GET"]}}],"collection":[{"href":"https:\/\/www.clinicahispanavidasana.com\/en\/wp-json\/wp\/v2\/pages"}],"about":[{"href":"https:\/\/www.clinicahispanavidasana.com\/en\/wp-json\/wp\/v2\/types\/page"}],"author":[{"embeddable":true,"href":"https:\/\/www.clinicahispanavidasana.com\/en\/wp-json\/wp\/v2\/users\/49"}],"replies":[{"embeddable":true,"href":"https:\/\/www.clinicahispanavidasana.com\/en\/wp-json\/wp\/v2\/comments?post=5372"}],"version-history":[{"count":1,"href":"https:\/\/www.clinicahispanavidasana.com\/en\/wp-json\/wp\/v2\/pages\/5372\/revisions"}],"predecessor-version":[{"id":5694,"href":"https:\/\/www.clinicahispanavidasana.com\/en\/wp-json\/wp\/v2\/pages\/5372\/revisions\/5694"}],"wp:attachment":[{"href":"https:\/\/www.clinicahispanavidasana.com\/en\/wp-json\/wp\/v2\/media?parent=5372"}],"curies":[{"name":"wp","href":"https:\/\/api.w.org\/{rel}","templated":true}]}}