{"id":3610,"date":"2018-11-06T09:00:43","date_gmt":"2018-11-06T09:00:43","guid":{"rendered":"http:\/\/localhost\/dentmedi-theme\/?page_id=95"},"modified":"2025-05-25T15:04:46","modified_gmt":"2025-05-25T15:04:46","slug":"faq","status":"publish","type":"page","link":"https:\/\/www.clinicahispanavidasana.com\/en\/faq\/","title":{"rendered":"FAQ"},"content":{"rendered":"<div class=\"tm-row wpb_row vc_row-fluid vc_custom_1533399575967 tm-zindex-0 vc_row container tm-bgimage-position-center_center\">\n\n\t\t\n\t\t\n\t\t\n\n<div class=\"wpb_column tm-column vc_column_container vc_col-sm-12 tm-zindex-0\">\n\t<div class=\"vc_column-inner\">\n\t\t\t\t<div class=\"wpb_wrapper\">\n\t\t\t<div class=\"tm-element-heading-wrapper tm-heading-inner tm-element-align-left tm-seperator-style1 tm-heading-style-vertical\"><section class=\"tm-vc_cta3-container\"><div class=\"tm-vc_general tm-vc_cta3 tm-cta3-only tm-vc_cta3-style-classic tm-vc_cta3-shape-rounded tm-vc_cta3-align-left tm-vc_cta3-color-transparent tm-vc_cta3-icon-size-md tm-vc_cta3-actions-no tm-cta3-without-desc\"><div class=\"tm-vc_cta3_content-container\"><div class=\"tm-vc_cta3-content\"><header class=\"tm-vc_cta3-content-header tm-wrap\"><div class=\"tm-vc_cta3-headers tm-wrap-cell\"><h2 class=\"tm-custom-heading\" >FAQ - Preguntas Frecuentes<\/h2>\n<\/div><div class=\"heading-seperator\"><span><\/span><\/div><\/header><\/div><\/div><\/div><\/section><\/div> <!-- .tm-element-heading-wrapper container --> \n\t<div class=\"wpb_text_column wpb_content_element  vc_custom_1674190567249\" >\n\t\t<div class=\"wpb_wrapper\">\n\t\t\t<p>A continuaci\u00f3n encontrar\u00e1 respuestas a algunas de las preguntas m\u00e1s frecuentes a Clinica Hispana Vida Sana. Constantemente agregamos las preguntas m\u00e1s frecuentes a esta p\u00e1gina, por lo que si tiene una pregunta y no ve su respuesta, no dude <a href=\"https:\/\/www.clinicahispanavidasana.com\/en\/contactanos\/\">contactarnos<\/a><\/p>\n\n\t\t<\/div>\n\t<\/div>\n<div class=\"vc_tta-container\" data-vc-action=\"collapse\"><div class=\"vc_general vc_tta vc_tta-accordion vc_tta-color-grey vc_tta-style-classic vc_tta-shape-square vc_tta-o-shape-group vc_tta-gap-20 vc_tta-controls-align-left vc_tta-o-no-fill\"><div class=\"vc_tta-panels-container\"><div class=\"vc_tta-panels\"><div class=\"vc_tta-panel vc_active\" id=\"1533397591990-9dd742b0-768c7fbd-fe2c8772-68a65eb8-e9ba\" data-vc-content=\".vc_tta-panel-body\"><div class=\"vc_tta-panel-heading\"><h4 class=\"vc_tta-panel-title vc_tta-controls-icon-position-right\"><a href=\"#1533397591990-9dd742b0-768c7fbd-fe2c8772-68a65eb8-e9ba\" data-vc-accordion data-vc-container=\".vc_tta-container\"><span class=\"vc_tta-title-text\">How much does the consultation cost?<\/span><i class=\"vc_tta-controls-icon vc_tta-controls-icon-chevron\"><\/i><\/a><\/h4><\/div><div class=\"vc_tta-panel-body\">\n\t<div class=\"wpb_text_column wpb_content_element  vc_custom_1747499760984\" >\n\t\t<div class=\"wpb_wrapper\">\n\t\t\t<p style=\"text-align: left;\">The cost of the consultation is $30. This price includes the medical evaluation and the necessary recommendations to manage your situation. Our goal is to offer you quality care at an affordable price.<\/p>\n\n\t\t<\/div>\n\t<\/div>\n\n\t<div class=\"wpb_text_column wpb_content_element\" >\n\t\t<div class=\"wpb_wrapper\">\n\t\t\t\n\t\t<\/div>\n\t<\/div>\n<\/div><\/div><div class=\"vc_tta-panel\" id=\"1747498585699-bd15f78a-44a5\" data-vc-content=\".vc_tta-panel-body\"><div class=\"vc_tta-panel-heading\"><h4 class=\"vc_tta-panel-title vc_tta-controls-icon-position-right\"><a href=\"#1747498585699-bd15f78a-44a5\" data-vc-accordion data-vc-container=\".vc_tta-container\"><span class=\"vc_tta-title-text\">Do you accept health insurance?<\/span><i class=\"vc_tta-controls-icon vc_tta-controls-icon-chevron\"><\/i><\/a><\/h4><\/div><div class=\"vc_tta-panel-body\">\n\t<div class=\"wpb_text_column wpb_content_element  vc_custom_1747499802687\" >\n\t\t<div class=\"wpb_wrapper\">\n\t\t\t<p style=\"text-align: left;\">Yes, we accept health insurance. We invite you to call us for more information and to check if we are in-network with your insurance plan. We\u2019ll be happy to answer all your questions.<\/p>\n\n\t\t<\/div>\n\t<\/div>\n\n\t<div class=\"wpb_text_column wpb_content_element\" >\n\t\t<div class=\"wpb_wrapper\">\n\t\t\t\n\t\t<\/div>\n\t<\/div>\n<\/div><\/div><div class=\"vc_tta-panel\" id=\"1747498660699-239cc257-3145\" data-vc-content=\".vc_tta-panel-body\"><div class=\"vc_tta-panel-heading\"><h4 class=\"vc_tta-panel-title vc_tta-controls-icon-position-right\"><a href=\"#1747498660699-239cc257-3145\" data-vc-accordion data-vc-container=\".vc_tta-container\"><span class=\"vc_tta-title-text\">Do I need to make an appointment?<\/span><i class=\"vc_tta-controls-icon vc_tta-controls-icon-chevron\"><\/i><\/a><\/h4><\/div><div class=\"vc_tta-panel-body\">\n\t<div class=\"wpb_text_column wpb_content_element  vc_custom_1747499819526\" >\n\t\t<div class=\"wpb_wrapper\">\n\t\t\t<p style=\"text-align: left;\">No, it\u2019s not necessary to make an appointment in advance. You can visit us directly whenever you need. We are ready to assist you quickly and without long waits.<\/p>\n<p style=\"text-align: left;\">Our hours of operation are:<\/p>\n<ul style=\"text-align: left;\">\n<li>Monday to Friday: 9:00 a.m. \u2013 9:00 p.m.<\/li>\n<li>Saturdays: 9:00 a.m. \u2013 7:00 p.m.<\/li>\n<li>Sundays: 9:00 a.m. \u2013 3:00 p.m.<\/li>\n<\/ul>\n<p style=\"text-align: left;\">We are open every day for your convenience!<\/p>\n\n\t\t<\/div>\n\t<\/div>\n\n\t<div class=\"wpb_text_column wpb_content_element\" >\n\t\t<div class=\"wpb_wrapper\">\n\t\t\t\n\t\t<\/div>\n\t<\/div>\n<\/div><\/div><div class=\"vc_tta-panel\" id=\"1533396882141-f4e83ff9-08ff7fbd-fe2c8772-68a65eb8-e9ba\" data-vc-content=\".vc_tta-panel-body\"><div class=\"vc_tta-panel-heading\"><h4 class=\"vc_tta-panel-title vc_tta-controls-icon-position-right\"><a href=\"#1533396882141-f4e83ff9-08ff7fbd-fe2c8772-68a65eb8-e9ba\" data-vc-accordion data-vc-container=\".vc_tta-container\"><span class=\"vc_tta-title-text\">How often should I really go to the doctor?<\/span><i class=\"vc_tta-controls-icon vc_tta-controls-icon-chevron\"><\/i><\/a><\/h4><\/div><div class=\"vc_tta-panel-body\">\n\t<div class=\"wpb_text_column wpb_content_element\" >\n\t\t<div class=\"wpb_wrapper\">\n\t\t\t<p style=\"text-align: left;\">At least one wellness exam per year is recommended, even if you feel fine. The frequency may vary depending on your age, medical history, and health conditions.<\/p>\n\n\t\t<\/div>\n\t<\/div>\n<\/div><\/div><div class=\"vc_tta-panel\" id=\"1533397427840-523d2361-d3287fbd-fe2c8772-68a65eb8-e9ba\" data-vc-content=\".vc_tta-panel-body\"><div class=\"vc_tta-panel-heading\"><h4 class=\"vc_tta-panel-title vc_tta-controls-icon-position-right\"><a href=\"#1533397427840-523d2361-d3287fbd-fe2c8772-68a65eb8-e9ba\" data-vc-accordion data-vc-container=\".vc_tta-container\"><span class=\"vc_tta-title-text\">Who should get a Papanicolau smear and at what age?<\/span><i class=\"vc_tta-controls-icon vc_tta-controls-icon-chevron\"><\/i><\/a><\/h4><\/div><div class=\"vc_tta-panel-body\">\n\t<div class=\"wpb_text_column wpb_content_element\" >\n\t\t<div class=\"wpb_wrapper\">\n\t\t\t<p style=\"text-align: left;\">It is recommended that women start getting Pap smears at age 21, and repeat the test every 2 years, or as directed by a doctor. It is key to preventing cervical cancer.<\/p>\n\n\t\t<\/div>\n\t<\/div>\n<\/div><\/div><div class=\"vc_tta-panel\" id=\"1533396882102-15df988c-ee5b7fbd-fe2c8772-68a65eb8-e9ba\" data-vc-content=\".vc_tta-panel-body\"><div class=\"vc_tta-panel-heading\"><h4 class=\"vc_tta-panel-title vc_tta-controls-icon-position-right\"><a href=\"#1533396882102-15df988c-ee5b7fbd-fe2c8772-68a65eb8-e9ba\" data-vc-accordion data-vc-container=\".vc_tta-container\"><span class=\"vc_tta-title-text\">Do you do X-rays?<\/span><i class=\"vc_tta-controls-icon vc_tta-controls-icon-chevron\"><\/i><\/a><\/h4><\/div><div class=\"vc_tta-panel-body\">\n\t<div class=\"wpb_text_column wpb_content_element\" >\n\t\t<div class=\"wpb_wrapper\">\n\t\t\t<p style=\"text-align: left;\">Yes, we perform an initial evaluation to determine if you need X-rays and refer you to the closest radiology center to your location. We guide you throughout the process to ensure you receive proper care quickly.<\/p>\n\n\t\t<\/div>\n\t<\/div>\n<\/div><\/div><\/div><\/div><\/div><\/div>\t\t<\/div>\n\t<\/div>\n<\/div>\n\n\n\n\t\t\n\t<\/div>","protected":false},"excerpt":{"rendered":"FAQ - Preguntas Frecuentes A continuaci\u00f3n encontrar\u00e1 respuestas a algunas de las preguntas m\u00e1s frecuentes a Clinica Hispana Vida Sana. Constantemente agregamos las preguntas m\u00e1s frecuentes a esta p\u00e1gina, por lo que si tiene una pregunta y no ve su respuesta, no dude contactarnos \u00bfCu\u00e1nto cuesta la consulta? El valor de la consulta es de &hellip; <a href=\"https:\/\/www.clinicahispanavidasana.com\/en\/faq\/\" class=\"more-link\">Continue reading <span class=\"screen-reader-text\">FAQ<\/span><\/a>","protected":false},"author":49,"featured_media":0,"parent":0,"menu_order":14,"comment_status":"closed","ping_status":"closed","template":"","meta":{"_acf_changed":false,"inline_featured_image":false,"footnotes":""},"class_list":["post-3610","page","type-page","status-publish","hentry"],"acf":[],"yoast_head":"<!-- This site is optimized with the Yoast SEO plugin v27.3 - https:\/\/yoast.com\/product\/yoast-seo-wordpress\/ -->\n<title>FAQ | Clinica Hispana Vida Sana<\/title>\n<meta name=\"robots\" content=\"index, follow, max-snippet:-1, max-image-preview:large, max-video-preview:-1\" \/>\n<link rel=\"canonical\" href=\"https:\/\/www.clinicahispanavidasana.com\/en\/faq\/\" \/>\n<meta property=\"og:locale\" content=\"en_US\" \/>\n<meta property=\"og:type\" content=\"article\" \/>\n<meta property=\"og:title\" content=\"FAQ | Clinica Hispana Vida Sana\" \/>\n<meta property=\"og:url\" content=\"https:\/\/www.clinicahispanavidasana.com\/en\/faq\/\" \/>\n<meta property=\"og:site_name\" content=\"Clinica Hispana Vida Sana\" \/>\n<meta property=\"article:publisher\" content=\"https:\/\/www.facebook.com\/Clinicahispanavidasana\/\" \/>\n<meta property=\"article:modified_time\" content=\"2025-05-25T15:04:46+00:00\" \/>\n<meta property=\"og:image\" content=\"https:\/\/www.clinicahispanavidasana.com\/wp-content\/uploads\/2026\/03\/Marca-Ajustada-Vida-Sana_Variante-Centrada-1200x675-1.png\" \/>\n\t<meta property=\"og:image:width\" content=\"1200\" \/>\n\t<meta property=\"og:image:height\" content=\"675\" \/>\n\t<meta property=\"og:image:type\" content=\"image\/png\" \/>\n<meta name=\"twitter:card\" content=\"summary_large_image\" \/>\n<meta name=\"twitter:label1\" content=\"Est. reading time\" \/>\n\t<meta name=\"twitter:data1\" content=\"2 minutes\" \/>\n<script type=\"application\/ld+json\" class=\"yoast-schema-graph\">{\"@context\":\"https:\\\/\\\/schema.org\",\"@graph\":[{\"@type\":\"WebPage\",\"@id\":\"https:\\\/\\\/www.clinicahispanavidasana.com\\\/faq\\\/\",\"url\":\"https:\\\/\\\/www.clinicahispanavidasana.com\\\/faq\\\/\",\"name\":\"FAQ | Clinica Hispana Vida Sana\",\"isPartOf\":{\"@id\":\"https:\\\/\\\/www.clinicahispanavidasana.com\\\/#website\"},\"datePublished\":\"2018-11-06T09:00:43+00:00\",\"dateModified\":\"2025-05-25T15:04:46+00:00\",\"breadcrumb\":{\"@id\":\"https:\\\/\\\/www.clinicahispanavidasana.com\\\/faq\\\/#breadcrumb\"},\"inLanguage\":\"en-US\",\"potentialAction\":[{\"@type\":\"ReadAction\",\"target\":[\"https:\\\/\\\/www.clinicahispanavidasana.com\\\/faq\\\/\"]}]},{\"@type\":\"BreadcrumbList\",\"@id\":\"https:\\\/\\\/www.clinicahispanavidasana.com\\\/faq\\\/#breadcrumb\",\"itemListElement\":[{\"@type\":\"ListItem\",\"position\":1,\"name\":\"Inicio\",\"item\":\"https:\\\/\\\/www.clinicahispanavidasana.com\\\/\"},{\"@type\":\"ListItem\",\"position\":2,\"name\":\"FAQ\"}]},{\"@type\":\"WebSite\",\"@id\":\"https:\\\/\\\/www.clinicahispanavidasana.com\\\/#website\",\"url\":\"https:\\\/\\\/www.clinicahispanavidasana.com\\\/\",\"name\":\"Cl\u00ednica Hispana Vida Sana\",\"description\":\"Salud para toda la familia\",\"publisher\":{\"@id\":\"https:\\\/\\\/www.clinicahispanavidasana.com\\\/#organization\"},\"alternateName\":\"Clinica Hispana Vida Sana\",\"potentialAction\":[{\"@type\":\"SearchAction\",\"target\":{\"@type\":\"EntryPoint\",\"urlTemplate\":\"https:\\\/\\\/www.clinicahispanavidasana.com\\\/?s={search_term_string}\"},\"query-input\":{\"@type\":\"PropertyValueSpecification\",\"valueRequired\":true,\"valueName\":\"search_term_string\"}}],\"inLanguage\":\"en-US\"},{\"@type\":\"Organization\",\"@id\":\"https:\\\/\\\/www.clinicahispanavidasana.com\\\/#organization\",\"name\":\"Cl\u00ednica Hispana Vida Sana\",\"alternateName\":\"Clinica Hispana Vida Sana\",\"url\":\"https:\\\/\\\/www.clinicahispanavidasana.com\\\/\",\"logo\":{\"@type\":\"ImageObject\",\"inLanguage\":\"en-US\",\"@id\":\"https:\\\/\\\/www.clinicahispanavidasana.com\\\/#\\\/schema\\\/logo\\\/image\\\/\",\"url\":\"https:\\\/\\\/www.clinicahispanavidasana.com\\\/wp-content\\\/uploads\\\/2026\\\/03\\\/Marca-Ajustada-Vida-Sana_Isotipo-696x696-1.png\",\"contentUrl\":\"https:\\\/\\\/www.clinicahispanavidasana.com\\\/wp-content\\\/uploads\\\/2026\\\/03\\\/Marca-Ajustada-Vida-Sana_Isotipo-696x696-1.png\",\"width\":696,\"height\":696,\"caption\":\"Cl\u00ednica Hispana Vida Sana\"},\"image\":{\"@id\":\"https:\\\/\\\/www.clinicahispanavidasana.com\\\/#\\\/schema\\\/logo\\\/image\\\/\"},\"sameAs\":[\"https:\\\/\\\/www.facebook.com\\\/Clinicahispanavidasana\\\/\"]}]}<\/script>\n<!-- \/ Yoast SEO plugin. -->","yoast_head_json":{"title":"FAQ | Clinica Hispana Vida Sana","robots":{"index":"index","follow":"follow","max-snippet":"max-snippet:-1","max-image-preview":"max-image-preview:large","max-video-preview":"max-video-preview:-1"},"canonical":"https:\/\/www.clinicahispanavidasana.com\/en\/faq\/","og_locale":"en_US","og_type":"article","og_title":"FAQ | Clinica Hispana Vida Sana","og_url":"https:\/\/www.clinicahispanavidasana.com\/en\/faq\/","og_site_name":"Clinica Hispana Vida Sana","article_publisher":"https:\/\/www.facebook.com\/Clinicahispanavidasana\/","article_modified_time":"2025-05-25T15:04:46+00:00","og_image":[{"width":1200,"height":675,"url":"https:\/\/www.clinicahispanavidasana.com\/wp-content\/uploads\/2026\/03\/Marca-Ajustada-Vida-Sana_Variante-Centrada-1200x675-1.png","type":"image\/png"}],"twitter_card":"summary_large_image","twitter_misc":{"Est. reading time":"2 minutes"},"schema":{"@context":"https:\/\/schema.org","@graph":[{"@type":"WebPage","@id":"https:\/\/www.clinicahispanavidasana.com\/faq\/","url":"https:\/\/www.clinicahispanavidasana.com\/faq\/","name":"FAQ | Clinica Hispana Vida Sana","isPartOf":{"@id":"https:\/\/www.clinicahispanavidasana.com\/#website"},"datePublished":"2018-11-06T09:00:43+00:00","dateModified":"2025-05-25T15:04:46+00:00","breadcrumb":{"@id":"https:\/\/www.clinicahispanavidasana.com\/faq\/#breadcrumb"},"inLanguage":"en-US","potentialAction":[{"@type":"ReadAction","target":["https:\/\/www.clinicahispanavidasana.com\/faq\/"]}]},{"@type":"BreadcrumbList","@id":"https:\/\/www.clinicahispanavidasana.com\/faq\/#breadcrumb","itemListElement":[{"@type":"ListItem","position":1,"name":"Inicio","item":"https:\/\/www.clinicahispanavidasana.com\/"},{"@type":"ListItem","position":2,"name":"FAQ"}]},{"@type":"WebSite","@id":"https:\/\/www.clinicahispanavidasana.com\/#website","url":"https:\/\/www.clinicahispanavidasana.com\/","name":"Cl\u00ednica Hispana Vida Sana","description":"Health for the whole family","publisher":{"@id":"https:\/\/www.clinicahispanavidasana.com\/#organization"},"alternateName":"Clinica Hispana Vida Sana","potentialAction":[{"@type":"SearchAction","target":{"@type":"EntryPoint","urlTemplate":"https:\/\/www.clinicahispanavidasana.com\/?s={search_term_string}"},"query-input":{"@type":"PropertyValueSpecification","valueRequired":true,"valueName":"search_term_string"}}],"inLanguage":"en-US"},{"@type":"Organization","@id":"https:\/\/www.clinicahispanavidasana.com\/#organization","name":"Cl\u00ednica Hispana Vida Sana","alternateName":"Clinica Hispana Vida Sana","url":"https:\/\/www.clinicahispanavidasana.com\/","logo":{"@type":"ImageObject","inLanguage":"en-US","@id":"https:\/\/www.clinicahispanavidasana.com\/#\/schema\/logo\/image\/","url":"https:\/\/www.clinicahispanavidasana.com\/wp-content\/uploads\/2026\/03\/Marca-Ajustada-Vida-Sana_Isotipo-696x696-1.png","contentUrl":"https:\/\/www.clinicahispanavidasana.com\/wp-content\/uploads\/2026\/03\/Marca-Ajustada-Vida-Sana_Isotipo-696x696-1.png","width":696,"height":696,"caption":"Cl\u00ednica Hispana Vida Sana"},"image":{"@id":"https:\/\/www.clinicahispanavidasana.com\/#\/schema\/logo\/image\/"},"sameAs":["https:\/\/www.facebook.com\/Clinicahispanavidasana\/"]}]}},"_links":{"self":[{"href":"https:\/\/www.clinicahispanavidasana.com\/en\/wp-json\/wp\/v2\/pages\/3610","targetHints":{"allow":["GET"]}}],"collection":[{"href":"https:\/\/www.clinicahispanavidasana.com\/en\/wp-json\/wp\/v2\/pages"}],"about":[{"href":"https:\/\/www.clinicahispanavidasana.com\/en\/wp-json\/wp\/v2\/types\/page"}],"author":[{"embeddable":true,"href":"https:\/\/www.clinicahispanavidasana.com\/en\/wp-json\/wp\/v2\/users\/49"}],"replies":[{"embeddable":true,"href":"https:\/\/www.clinicahispanavidasana.com\/en\/wp-json\/wp\/v2\/comments?post=3610"}],"version-history":[{"count":0,"href":"https:\/\/www.clinicahispanavidasana.com\/en\/wp-json\/wp\/v2\/pages\/3610\/revisions"}],"wp:attachment":[{"href":"https:\/\/www.clinicahispanavidasana.com\/en\/wp-json\/wp\/v2\/media?parent=3610"}],"curies":[{"name":"wp","href":"https:\/\/api.w.org\/{rel}","templated":true}]}}