{"id":3,"date":"2022-10-19T04:55:34","date_gmt":"2022-10-19T04:55:34","guid":{"rendered":"https:\/\/www.clinicahispanavidasana.com\/?page_id=3"},"modified":"2025-05-24T18:08:04","modified_gmt":"2025-05-24T18:08:04","slug":"politica-privacidad","status":"publish","type":"page","link":"https:\/\/www.clinicahispanavidasana.com\/en\/politica-privacidad\/","title":{"rendered":"Privacy Policy"},"content":{"rendered":"<div class=\"tm-row wpb_row vc_row-fluid tm-zindex-0 vc_row container tm-bgimage-position-center_center\">\n\n\t\t\n\t\t\n\t\t\n\n<div class=\"wpb_column tm-column vc_column_container vc_col-sm-3 tm-zindex-0\">\n\t<div class=\"vc_column-inner\">\n\t\t\t\t<div class=\"wpb_wrapper\">\n\t\t\t\t\t<\/div>\n\t<\/div>\n<\/div>\n\n\n\n\n\n<div class=\"wpb_column tm-column vc_column_container vc_col-sm-9 tm-zindex-0\">\n\t<div class=\"vc_column-inner\">\n\t\t\t\t<div class=\"wpb_wrapper\">\n\t\t\t\n\t<div class=\"wpb_text_column wpb_content_element\" >\n\t\t<div class=\"wpb_wrapper\">\n\t\t\t<h2 class=\"wp-block-heading\">About us<\/h2>\n<p>La direcci\u00f3n de nuestra web es: https:\/\/www.clinicahispanavidasana.com.<\/p>\n<p>&nbsp;<\/p>\n<h2 class=\"wp-block-heading\">Comentarios<\/h2>\n<p>Cuando los visitantes dejan comentarios en el sitio, recopilamos los datos que se muestran en el formulario de comentarios, y tambi\u00e9n la direcci\u00f3n IP del visitante y la cadena del agente de usuario del navegador para ayudar a la detecci\u00f3n de spam.<\/p>\n<p>Desde\u00a0<strong>Cl\u00ednica Hispana Vida Sana <\/strong>tratamos los datos personales con respeto y sensibilidad.<\/p>\n<p>Esta pol\u00edtica de privacidad junto con el aviso legal, pol\u00edtica de cookies, de ventas, t\u00e9rminos y condiciones, y cualquier otra pol\u00edtica a la que se haga referencia, identifica c\u00f3mo se recopilan y procesan los datos personales que se reciben en este sitio web.<\/p>\n<p>&nbsp;<\/p>\n<h2 class=\"wp-block-heading\">Datos del solicitante<\/h2>\n<p>Tal y como recoge la normativa vigente, te informamos que:<\/p>\n<p>La denominaci\u00f3n social del responsable por este sitio web es:\u00a0<a href=\"https:\/\/www.clinicahispanavidasana.com\/en\/\" data-type=\"URL\" data-id=\"https:\/\/www.clinicahispanavidasana.com\/\">https:\/\/www.clinicahispanavidasana.com\/<\/a>\u00a0<strong>\u00a0<\/strong>Para efectos de este aviso legal y t\u00e9rminos de uso, se entender\u00e1 en lo adelante como\u00a0<strong>Cl\u00ednica Hispana Vida Sana<\/strong><\/p>\n<p>Su domicilio social se encuentra en: Dallas Texas, Estados Unidos de Am\u00e9rica.<\/p>\n<p>Puedes contactarle al Email: <a href=\"mailto:director@chvidasana.com\">director@chvidasana.com<\/a><\/p>\n<p>Su actividad social es:<\/p>\n<p><strong>Datos solicitados en el sitio web y finalidad del tratamiento.<\/strong><\/p>\n<p>&nbsp;<\/p>\n<ul class=\"wp-block-list\">\n<li style=\"list-style-type: none;\">\n<ul>\n<li><strong>Nombre, apellidos y correo electr\u00f3nico en los formularios de contacto:\u00a0<\/strong>para realizar cualquier contacto directo con\u00a0<strong><strong>Cl\u00ednica Hispana Vida Sana<\/strong><\/strong>, ya sea para plantear dudas, comentarios, sugerencias, solicitar un servicio o producto, o cualquier otra informaci\u00f3n. No suministrar los datos personales m\u00ednimos necesarios imposibilitar\u00e1 a\u00a0<strong><strong>Cl\u00ednica Hispana Vida Sana<\/strong>\u00a0<\/strong>de responder a la petici\u00f3n.<\/li>\n<li><strong>Nombre, correo electr\u00f3nico:\u00a0<\/strong>para poder realizar comentarios en el blog del sitio web.<\/li>\n<li><strong>Nombre, apellidos, direcci\u00f3n, tel\u00e9fono, correo electr\u00f3nico, n\u00famero de identificaci\u00f3n fiscal:\u00a0<\/strong>se solicitar\u00e1 esta informaci\u00f3n al momento del pago del servicio para procesar todo lo relacionado con el cliente.<\/li>\n<li><strong>Nombre, tel\u00e9fono y correo electr\u00f3nico para newsletter:\u00a0<\/strong>con el debido consentimiento expreso y voluntario del titular de los datos, se solicitar\u00e1 en el sitio web la informaci\u00f3n m\u00ednima necesaria para enviar un bolet\u00edn comercial automatizado, donde se informar\u00e1 sobre publicidad, promociones y otra informaci\u00f3n de los servicios y\/o productos ofrecidos por\u00a0<strong><strong>Cl\u00ednica Hispana Vida Sana<\/strong><\/strong>.<\/li>\n<li><strong>Email:\u00a0<\/strong>se solicitar\u00e1 el correo electr\u00f3nico para poder acceder al \u00e1rea de cliente, de acuerdo con los datos suministrados al momento de crear la cuenta.<\/li>\n<\/ul>\n<\/li>\n<\/ul>\n<p>\u00a0<\/p>\n<p><strong><strong><strong><strong>Cl\u00ednica Hispana Vida Sana<\/strong><\/strong><\/strong>\u00a0<\/strong>en todo momento velar\u00e1 porque el uso que se le da al sitio web, a los contenidos, y al tratamiento de los datos personales del usuario, se realicen de la forma m\u00e1s correcta. Para ello, el usuario siempre podr\u00e1 ejercer sus derechos de acceso, rectificaci\u00f3n, limitaci\u00f3n, cancelaci\u00f3n, portabilidad, olvido u oposici\u00f3n, todo ello en fiel cumplimiento de las directrices de las leyes que rigen la materia, escribiendo al\u00a0<a href=\"mailto:director@chvidasana.com\">director@chvidasana.com<\/a><\/p>\n<p><strong>Cl\u00ednica Hispana Vida Sana\u00a0<\/strong>no vende no vender\u00e1 datos personales de los usuarios a otras empresas ni terceros.<\/p>\n<p><strong><strong>Cl\u00ednica Hispana Vida Sana<\/strong><\/strong>\u00a0compartir\u00e1 con terceros los datos que posee, solo para cumplir con los servicios contratados por alg\u00fan usuario, enviar la newsletter, cumplir con exigencias legales o para la administraci\u00f3n del sitio web. A este efecto, se proporcionar\u00e1n los debidos acuerdos de confidencialidad entre las partes.<\/p>\n<p>Los enlaces a terceros que se puedan encontrar en el sitio web poseen pol\u00edticas de privacidad ajenas a\u00a0<strong><strong>Cl\u00ednica Hispana Vida Sana<\/strong><\/strong>. El acceso a estos sitios deber\u00e1 ser responsabilidad del usuario, siendo su responsabilidad conocerlas y su decisi\u00f3n aceptarlas o no.<\/p>\n<p>&nbsp;<\/p>\n<h2 class=\"wp-block-heading\">Formulario<\/h2>\n<p>El sitio web dispone de 2 tipos de formularios:<\/p>\n<p><strong>De contacto:\u00a0<\/strong>el usuario, cliente o participantepodr\u00e1 encontrar formularios que facilitar\u00e1n la comunicaci\u00f3n con\u00a0<strong>Cl\u00ednica Hispana Vida Sana<\/strong>\u00a0para plantear dudas, comentarios, solicitar un presupuesto, reservar alguno de los servicios ofrecidos en el sitio web o exigir alg\u00fan derecho que tenga. No suministrar los datos personales m\u00ednimos necesarios imposibilitar\u00e1 a\u00a0<strong><strong>Cl\u00ednica Hispana Vida Sana<\/strong>\u00a0<\/strong>responder a la petici\u00f3n. Este tratamiento se considerar\u00e1 leg\u00edtimo por ser parte de una diligencia pre-contractual. El servidor del sitio web y del correo electr\u00f3nico de\u00a0<strong><strong>Cl\u00ednica Hispana Vida Sana<\/strong>\u00a0<\/strong>ser\u00e1n los encargados de las asesoria de los taxes.<\/p>\n<p><strong>De publicidad:<\/strong>\u00a0se solicitar\u00e1 a los usuarios, compradores o participantes su consentimiento expreso y voluntario para entregar a\u00a0<strong><strong>Cl\u00ednica Hispana Vida Sana<\/strong><\/strong>, los m\u00ednimos datos necesarios para enviar publicidad e informaci\u00f3n comercial relacionada con los servicios y\/o productos ofrecidos por\u00a0<strong>Cl\u00ednica Hispana Vida Sana<\/strong>, para que se agregue a un fichero automatizado de\u00a0<em>email marketing<\/em>\u00a0gestionado por el encargado del tratamiento que se indica m\u00e1s abajo. El tratamiento de los datos personales que se encuentren en esta secci\u00f3n se ha hecho con el consentimiento del titular de los datos.<\/p>\n<p><strong>Para procesar la solicitud del servicio:\u00a0<\/strong>se solicitar\u00e1 a los usuarios, clientes o participantes sus datos para que\u00a0<strong><strong>Cl\u00ednica Hispana Vida Sana<\/strong><\/strong>\u00a0pueda procesar los servicios solicitados por el cliente. Tratamiento leg\u00edtimo de datos personales por la relaci\u00f3n contractual que existe con el cliente o participante. Los datos ser\u00e1n guardados en el servidor del sitio web.<\/p>\n<p>&nbsp;<\/p>\n<h2 class=\"wp-block-heading\">Cookies<\/h2>\n<p>Si deja un comentario en nuestro sitio, puede optar por guardar su nombre, direcci\u00f3n de correo electr\u00f3nico y sitio web en cookies. Estos son para su comodidad, para que no tenga que volver a rellenar sus datos cuando deje otro comentario. Estas cookies tendr\u00e1n una duraci\u00f3n de un a\u00f1o.<\/p>\n<p>&nbsp;<\/p>\n<h2 class=\"wp-block-heading\">\u00bfCu\u00e1nto tiempo conservaremos tus datos?<\/h2>\n<p>Si deja un comentario, el comentario y sus metadatos se conservan indefinidamente. Esto es para que podamos reconocer y aprobar cualquier comentario de seguimiento autom\u00e1ticamente en lugar de mantenerlos en una cola de moderaci\u00f3n.<\/p>\n<p>Para los usuarios que se registran en nuestro sitio web (si los hay), tambi\u00e9n almacenamos la informaci\u00f3n personal que proporcionan en su perfil de usuario. Todos los usuarios pueden ver, editar o eliminar su informaci\u00f3n personal en cualquier momento (excepto que no pueden cambiar su nombre de usuario). Los administradores del sitio web tambi\u00e9n pueden ver y editar esa informaci\u00f3n.<\/p>\n<p>&nbsp;<\/p>\n<h2 class=\"wp-block-heading\">\u00bfQu\u00e9 derechos tienes sobre tus datos?<\/h2>\n<p>Si tiene una cuenta en este sitio o ha dejado comentarios, puede solicitar recibir un archivo exportado de los datos personales que tenemos sobre usted, incluidos los datos que nos haya proporcionado. Tambi\u00e9n puede solicitar que eliminemos cualquier dato personal que tengamos sobre usted. Esto no incluye ning\u00fan dato que estemos obligados a conservar con fines administrativos, legales o de seguridad.<\/p>\n<p>&nbsp;<\/p>\n<h2 class=\"wp-block-heading\">\u00bfD\u00f3nde se envian tus datos?<\/h2>\n<p>Los comentarios de los visitantes puede que los revise un servicio de detecci\u00f3n autom\u00e1tica de spam.<\/p>\n<p>&nbsp;<\/p>\n<h2 class=\"wp-block-heading\"><strong>Encargado del tratamiento<\/strong><\/h2>\n<p><strong>Cl\u00ednica Hispana Vida Sana<\/strong>\u00a0necesita el apoyo de terceros para ofrecer adecuadamente sus servicios y productos, con los cuales celebra los debidos acuerdos de confidencialidad y verifica el cumplimiento de las normativas sobre protecci\u00f3n de datos personales.<\/p>\n<p>Los datos suministrados a estos terceros no podr\u00e1n ser utilizados para otros fines no autorizados por el titular de los datos.<\/p>\n<p>En cumplimiento de los principios de informaci\u00f3n y transparencia, se hace saber que estos terceros son:<\/p>\n<p>\u2022 Facebook: Herramienta utilizada como red social y a los fines de conectarse con el titular de los datos. El servicio es prestado por la empresa Facebook Ireland Ltd., sus servidores est\u00e1n en Estados Unidos de Am\u00e9rica. Con esta herramienta tambi\u00e9n se maneja la publicidad que se pueda realizar en Whatssapp y\/o Instagram, as\u00ed como el an\u00e1lisis de datos y estad\u00edsticas para una posible segmentaci\u00f3n de la publicidad.<\/p>\n<p>\u2022 Google: sistema de publicidad patrocinada (ADS), Servicio de an\u00e1lisis web, para ver las estad\u00edsticas del uso del sitio web (Analytics) y sistema de gesti\u00f3n de etiquetas (Tag Manager).Estos servicios son prestados por la empresa Google LLC, ubicada en Mountain View, California, Estados Unidos de Am\u00e9rica. Si desea obtener m\u00e1s informaci\u00f3n sobre su pol\u00edtica de privacidad puede consultar: https:\/\/policies.google.com\/privacy<\/p>\n<p>\u2022 Instagram: Red social y aplicaci\u00f3n para subir fotos y v\u00eddeos cuyo propietario es la empresa Facebook Inc., que est\u00e1 ubicada en 1601 Willow Road Menlo Park, CA 94025, Estados Unidos de Am\u00e9rica. En caso de estar fuera de los Estados Unidos de Am\u00e9rica, la entidad de control de datos responsable de la informaci\u00f3n es Facebook Ireland Ltd., que se encuentra ubicada en 4 Grand Canal Square Grand Canal Harbour, Dubl\u00edn 2, Irlanda. Para obtener m\u00e1s informaci\u00f3n sobre la pol\u00edtica de privacidad ingresa en: https:\/\/help.instagram.com\/155833707900388<\/p>\n<p>\u2022 Pixel de Facebook: herramienta de an\u00e1lisis para publicidad, utilizado para conocer las acciones de los titulares de los datos en este sitio web. Este servicio es proporcionado por Facebook, Inc., que est\u00e1 ubicada en 1601 Willow Road Menlo Park, CA 94025, Estados Unidos de Am\u00e9rica. En caso de estar fuera de los Estados Unidos de Am\u00e9rica o Canad\u00e1, la entidad de control de datos responsable de la informaci\u00f3n es Facebook Ireland Ltd., que se encuentra ubicada en 4 Grand Canal Square Grand Canal Harbour, Dubl\u00edn 2, Irlanda. Para obtener m\u00e1s informaci\u00f3n sobre la pol\u00edtica de privacidad ingresa en\u00a0 https:\/\/www.facebook.com\/privacy\/explanation<\/p>\n<p>\u2022 TikTok: Red social y aplicaci\u00f3n para subir v\u00eddeos cuyo propietario es la empresa TikTok Technology Limited ubicada en 10 Earlsfort Terrace, Dubl\u00edn, D02 T380, Irlanda. Para los usuarios Estados Unidos de Am\u00e9rica: TikTok Information Technologies UK Limited, WeWork, 125 Kingsway, Londres, WC2B 6NH, Reino Unido. Para obtener m\u00e1s informaci\u00f3n sobre la pol\u00edtica de privacidad ingresa en: https:\/\/www.tiktok.com\/legal\/privacy-policy?lang=es<\/p>\n<p>\u2022 WhatsApp: Herramienta utilizada para la comunicaci\u00f3n con los usuarios, compradores, clientes y participantes a trav\u00e9s de la empresa WhatsApp Ireland Limited (para los que se encuentran ubicados en Europa), puede contactarse a trav\u00e9s del enlace https:\/\/www.whatsapp.com\/contact\/?subject=messenger y su pol\u00edtica de privacidad puede observarse en https:\/\/www.whatsapp.com\/legal?eea=1#privacy-policy<\/p>\n<p>&nbsp;<\/p>\n<h2 class=\"wp-block-heading\"><strong>Pol\u00edticas relacionas con el newsletter<\/strong><\/h2>\n<p>Estas pol\u00edticas se entender\u00e1n en todo momento como parte complementaria de los t\u00e9rminos y condiciones expuestos en el sitio web, siendo ambos de igual aplicaci\u00f3n al momento de una controversia. La pol\u00edtica de privacidad y de propiedad intelectual aplicada ser\u00e1 la misma que se expone en los t\u00e9rminos y condiciones del sitio web.<\/p>\n<p>Se entender\u00e1 como \u201cnewsletter\u201d al bolet\u00edn digital que\u00a0<strong>Cl\u00ednica Hispana Vida Sana\u00a0<\/strong>realiza de forma peri\u00f3dica y que hace llegar a sus suscriptores a trav\u00e9s de un proveedor de servicios de correo electr\u00f3nico externo, al cual el usuario se ha suscrito de manera voluntaria.<\/p>\n<p><strong>Cl\u00ednica Hispana Vida Sana<\/strong>\u00a0no est\u00e1 en la obligaci\u00f3n de enviar en per\u00edodos de tiempo definidos la newsletter, por lo que es totalmente libre de hacerlo cuando lo estime conveniente. El usuario podr\u00e1 en todo momento ejercer sus derechos de acceso, rectificaci\u00f3n, cancelaci\u00f3n u oposici\u00f3n siguiendo las instrucciones que encontrar\u00e1 en el pie de p\u00e1gina de la newsletter.<\/p>\n<p>El usuario no deber\u00e1 compartir su contenido con terceros, ya que esto violar\u00eda los derechos de autor de\u00a0<strong><strong>Cl\u00ednica Hispana Vida Sana<\/strong><\/strong>. El \u00fanico canal de distribuci\u00f3n posible es el administrado y\/o autorizado por\u00a0<strong><strong>Cl\u00ednica Hispana Vida Sana<\/strong><\/strong>.<\/p>\n<p><strong><strong>Cl\u00ednica Hispana Vida Sana<\/strong><\/strong>\u00a0no se har\u00e1 responsable por el contenido de terceros expuesto en la newsletter, cualquier controversia que surja deber\u00e1 ser tratada directamente con la persona o empresa de la cual se hace menci\u00f3n.Todo el material que se expone en la newsletter est\u00e1 protegido por derechos de autor a favor de\u00a0<strong><strong>Cl\u00ednica Hispana Vida Sana<\/strong><\/strong>, y en el caso de pertenecer a terceros, se entender\u00e1 que\u00a0<strong><strong>Cl\u00ednica Hispana Vida Sana<\/strong><\/strong> tiene la debida autorizaci\u00f3n para utilizarlo como se haya convenido con el autor.<\/p>\n<p>&nbsp;<\/p>\n<h2 class=\"wp-block-heading\"><strong>Residente en Dallas Texas, USA.<\/strong><\/h2>\n<p><strong>Cl\u00ednica Hispana Vida Sana\u00a0<\/strong>cumple con la Ley de Privacidad del Consumidor TEXAS. Los residentes en Dallas Texas, tienen derecho a solicitar que\u00a0<strong>Cl\u00ednica Hispana Vida Sana<\/strong>\u00a0revele qu\u00e9 informaci\u00f3n personal ha recopilado, utilizado, divulgado y vendido durante el per\u00edodo de 12 meses anterior a la recepci\u00f3n de dicha solicitud. Para ejercer este derecho, as\u00ed como el de eliminaci\u00f3n u oposici\u00f3n al tratamiento de sus datos, el usuario deber\u00e1 escribir a\u00a0<a href=\"mailto:director@chvidasana.com\">director@chvidasana.com<\/a><\/p>\n<p>\u00a0<\/p>\n\n\t\t<\/div>\n\t<\/div>\n\t\t<\/div>\n\t<\/div>\n<\/div>\n\n\n\n\t\t\n\t<\/div>","protected":false},"excerpt":{"rendered":"\u00bfQui\u00e9nes somos? La direcci\u00f3n de nuestra web es: https:\/\/www.clinicahispanavidasana.com. &nbsp; Comentarios Cuando los visitantes dejan comentarios en el sitio, recopilamos los datos que se muestran en el formulario de comentarios, y tambi\u00e9n la direcci\u00f3n IP del visitante y la cadena del agente de usuario del navegador para ayudar a la detecci\u00f3n de spam. Desde\u00a0Cl\u00ednica Hispana &hellip; <a href=\"https:\/\/www.clinicahispanavidasana.com\/en\/politica-privacidad\/\" class=\"more-link\">Continue reading <span class=\"screen-reader-text\">Privacy Policy<\/span><\/a>","protected":false},"author":49,"featured_media":0,"parent":0,"menu_order":0,"comment_status":"closed","ping_status":"open","template":"","meta":{"_acf_changed":false,"inline_featured_image":false,"footnotes":""},"class_list":["post-3","page","type-page","status-publish","hentry"],"acf":[],"yoast_head":"<!-- This site is optimized with the Yoast SEO plugin v27.3 - https:\/\/yoast.com\/product\/yoast-seo-wordpress\/ -->\n<title>Pol\u00edtica de privacidad | Clinica Hispana Vida Sana<\/title>\n<meta name=\"robots\" content=\"index, follow, max-snippet:-1, max-image-preview:large, max-video-preview:-1\" \/>\n<link rel=\"canonical\" href=\"https:\/\/www.clinicahispanavidasana.com\/en\/politica-privacidad\/\" \/>\n<meta property=\"og:locale\" content=\"en_US\" \/>\n<meta property=\"og:type\" content=\"article\" \/>\n<meta property=\"og:title\" content=\"Pol\u00edtica de privacidad | Clinica Hispana Vida Sana\" \/>\n<meta property=\"og:url\" content=\"https:\/\/www.clinicahispanavidasana.com\/en\/politica-privacidad\/\" \/>\n<meta property=\"og:site_name\" content=\"Clinica Hispana Vida Sana\" \/>\n<meta property=\"article:publisher\" content=\"https:\/\/www.facebook.com\/Clinicahispanavidasana\/\" \/>\n<meta property=\"article:modified_time\" content=\"2025-05-24T18:08:04+00:00\" \/>\n<meta property=\"og:image\" content=\"https:\/\/www.clinicahispanavidasana.com\/wp-content\/uploads\/2026\/03\/Marca-Ajustada-Vida-Sana_Variante-Centrada-1200x675-1.png\" \/>\n\t<meta property=\"og:image:width\" content=\"1200\" \/>\n\t<meta property=\"og:image:height\" content=\"675\" \/>\n\t<meta property=\"og:image:type\" content=\"image\/png\" \/>\n<meta name=\"twitter:card\" content=\"summary_large_image\" \/>\n<meta name=\"twitter:label1\" content=\"Est. reading time\" \/>\n\t<meta name=\"twitter:data1\" content=\"9 minutes\" \/>\n<script type=\"application\/ld+json\" class=\"yoast-schema-graph\">{\"@context\":\"https:\\\/\\\/schema.org\",\"@graph\":[{\"@type\":\"WebPage\",\"@id\":\"https:\\\/\\\/www.clinicahispanavidasana.com\\\/politica-privacidad\\\/\",\"url\":\"https:\\\/\\\/www.clinicahispanavidasana.com\\\/politica-privacidad\\\/\",\"name\":\"Pol\u00edtica de privacidad | Clinica Hispana Vida Sana\",\"isPartOf\":{\"@id\":\"https:\\\/\\\/www.clinicahispanavidasana.com\\\/#website\"},\"datePublished\":\"2022-10-19T04:55:34+00:00\",\"dateModified\":\"2025-05-24T18:08:04+00:00\",\"breadcrumb\":{\"@id\":\"https:\\\/\\\/www.clinicahispanavidasana.com\\\/politica-privacidad\\\/#breadcrumb\"},\"inLanguage\":\"en-US\",\"potentialAction\":[{\"@type\":\"ReadAction\",\"target\":[\"https:\\\/\\\/www.clinicahispanavidasana.com\\\/politica-privacidad\\\/\"]}]},{\"@type\":\"BreadcrumbList\",\"@id\":\"https:\\\/\\\/www.clinicahispanavidasana.com\\\/politica-privacidad\\\/#breadcrumb\",\"itemListElement\":[{\"@type\":\"ListItem\",\"position\":1,\"name\":\"Inicio\",\"item\":\"https:\\\/\\\/www.clinicahispanavidasana.com\\\/\"},{\"@type\":\"ListItem\",\"position\":2,\"name\":\"Pol\u00edtica de privacidad\"}]},{\"@type\":\"WebSite\",\"@id\":\"https:\\\/\\\/www.clinicahispanavidasana.com\\\/#website\",\"url\":\"https:\\\/\\\/www.clinicahispanavidasana.com\\\/\",\"name\":\"Cl\u00ednica Hispana Vida Sana\",\"description\":\"Salud para toda la familia\",\"publisher\":{\"@id\":\"https:\\\/\\\/www.clinicahispanavidasana.com\\\/#organization\"},\"alternateName\":\"Clinica Hispana Vida Sana\",\"potentialAction\":[{\"@type\":\"SearchAction\",\"target\":{\"@type\":\"EntryPoint\",\"urlTemplate\":\"https:\\\/\\\/www.clinicahispanavidasana.com\\\/?s={search_term_string}\"},\"query-input\":{\"@type\":\"PropertyValueSpecification\",\"valueRequired\":true,\"valueName\":\"search_term_string\"}}],\"inLanguage\":\"en-US\"},{\"@type\":\"Organization\",\"@id\":\"https:\\\/\\\/www.clinicahispanavidasana.com\\\/#organization\",\"name\":\"Cl\u00ednica Hispana Vida Sana\",\"alternateName\":\"Clinica Hispana Vida Sana\",\"url\":\"https:\\\/\\\/www.clinicahispanavidasana.com\\\/\",\"logo\":{\"@type\":\"ImageObject\",\"inLanguage\":\"en-US\",\"@id\":\"https:\\\/\\\/www.clinicahispanavidasana.com\\\/#\\\/schema\\\/logo\\\/image\\\/\",\"url\":\"https:\\\/\\\/www.clinicahispanavidasana.com\\\/wp-content\\\/uploads\\\/2026\\\/03\\\/Marca-Ajustada-Vida-Sana_Isotipo-696x696-1.png\",\"contentUrl\":\"https:\\\/\\\/www.clinicahispanavidasana.com\\\/wp-content\\\/uploads\\\/2026\\\/03\\\/Marca-Ajustada-Vida-Sana_Isotipo-696x696-1.png\",\"width\":696,\"height\":696,\"caption\":\"Cl\u00ednica Hispana Vida Sana\"},\"image\":{\"@id\":\"https:\\\/\\\/www.clinicahispanavidasana.com\\\/#\\\/schema\\\/logo\\\/image\\\/\"},\"sameAs\":[\"https:\\\/\\\/www.facebook.com\\\/Clinicahispanavidasana\\\/\"]}]}<\/script>\n<!-- \/ Yoast SEO plugin. -->","yoast_head_json":{"title":"Pol\u00edtica de privacidad | Clinica Hispana Vida Sana","robots":{"index":"index","follow":"follow","max-snippet":"max-snippet:-1","max-image-preview":"max-image-preview:large","max-video-preview":"max-video-preview:-1"},"canonical":"https:\/\/www.clinicahispanavidasana.com\/en\/politica-privacidad\/","og_locale":"en_US","og_type":"article","og_title":"Pol\u00edtica de privacidad | Clinica Hispana Vida Sana","og_url":"https:\/\/www.clinicahispanavidasana.com\/en\/politica-privacidad\/","og_site_name":"Clinica Hispana Vida Sana","article_publisher":"https:\/\/www.facebook.com\/Clinicahispanavidasana\/","article_modified_time":"2025-05-24T18:08:04+00:00","og_image":[{"width":1200,"height":675,"url":"https:\/\/www.clinicahispanavidasana.com\/wp-content\/uploads\/2026\/03\/Marca-Ajustada-Vida-Sana_Variante-Centrada-1200x675-1.png","type":"image\/png"}],"twitter_card":"summary_large_image","twitter_misc":{"Est. reading time":"9 minutes"},"schema":{"@context":"https:\/\/schema.org","@graph":[{"@type":"WebPage","@id":"https:\/\/www.clinicahispanavidasana.com\/politica-privacidad\/","url":"https:\/\/www.clinicahispanavidasana.com\/politica-privacidad\/","name":"Pol\u00edtica de privacidad | Clinica Hispana Vida Sana","isPartOf":{"@id":"https:\/\/www.clinicahispanavidasana.com\/#website"},"datePublished":"2022-10-19T04:55:34+00:00","dateModified":"2025-05-24T18:08:04+00:00","breadcrumb":{"@id":"https:\/\/www.clinicahispanavidasana.com\/politica-privacidad\/#breadcrumb"},"inLanguage":"en-US","potentialAction":[{"@type":"ReadAction","target":["https:\/\/www.clinicahispanavidasana.com\/politica-privacidad\/"]}]},{"@type":"BreadcrumbList","@id":"https:\/\/www.clinicahispanavidasana.com\/politica-privacidad\/#breadcrumb","itemListElement":[{"@type":"ListItem","position":1,"name":"Inicio","item":"https:\/\/www.clinicahispanavidasana.com\/"},{"@type":"ListItem","position":2,"name":"Pol\u00edtica de privacidad"}]},{"@type":"WebSite","@id":"https:\/\/www.clinicahispanavidasana.com\/#website","url":"https:\/\/www.clinicahispanavidasana.com\/","name":"Cl\u00ednica Hispana Vida Sana","description":"Health for the whole family","publisher":{"@id":"https:\/\/www.clinicahispanavidasana.com\/#organization"},"alternateName":"Clinica Hispana Vida Sana","potentialAction":[{"@type":"SearchAction","target":{"@type":"EntryPoint","urlTemplate":"https:\/\/www.clinicahispanavidasana.com\/?s={search_term_string}"},"query-input":{"@type":"PropertyValueSpecification","valueRequired":true,"valueName":"search_term_string"}}],"inLanguage":"en-US"},{"@type":"Organization","@id":"https:\/\/www.clinicahispanavidasana.com\/#organization","name":"Cl\u00ednica Hispana Vida Sana","alternateName":"Clinica Hispana Vida Sana","url":"https:\/\/www.clinicahispanavidasana.com\/","logo":{"@type":"ImageObject","inLanguage":"en-US","@id":"https:\/\/www.clinicahispanavidasana.com\/#\/schema\/logo\/image\/","url":"https:\/\/www.clinicahispanavidasana.com\/wp-content\/uploads\/2026\/03\/Marca-Ajustada-Vida-Sana_Isotipo-696x696-1.png","contentUrl":"https:\/\/www.clinicahispanavidasana.com\/wp-content\/uploads\/2026\/03\/Marca-Ajustada-Vida-Sana_Isotipo-696x696-1.png","width":696,"height":696,"caption":"Cl\u00ednica Hispana Vida Sana"},"image":{"@id":"https:\/\/www.clinicahispanavidasana.com\/#\/schema\/logo\/image\/"},"sameAs":["https:\/\/www.facebook.com\/Clinicahispanavidasana\/"]}]}},"_links":{"self":[{"href":"https:\/\/www.clinicahispanavidasana.com\/en\/wp-json\/wp\/v2\/pages\/3","targetHints":{"allow":["GET"]}}],"collection":[{"href":"https:\/\/www.clinicahispanavidasana.com\/en\/wp-json\/wp\/v2\/pages"}],"about":[{"href":"https:\/\/www.clinicahispanavidasana.com\/en\/wp-json\/wp\/v2\/types\/page"}],"author":[{"embeddable":true,"href":"https:\/\/www.clinicahispanavidasana.com\/en\/wp-json\/wp\/v2\/users\/49"}],"replies":[{"embeddable":true,"href":"https:\/\/www.clinicahispanavidasana.com\/en\/wp-json\/wp\/v2\/comments?post=3"}],"version-history":[{"count":0,"href":"https:\/\/www.clinicahispanavidasana.com\/en\/wp-json\/wp\/v2\/pages\/3\/revisions"}],"wp:attachment":[{"href":"https:\/\/www.clinicahispanavidasana.com\/en\/wp-json\/wp\/v2\/media?parent=3"}],"curies":[{"name":"wp","href":"https:\/\/api.w.org\/{rel}","templated":true}]}}